{"id":6,"date":"2014-09-18T21:30:42","date_gmt":"2014-09-18T20:30:42","guid":{"rendered":"http:\/\/das-handbuch.org\/de\/?page_id=6"},"modified":"2015-01-10T11:00:23","modified_gmt":"2015-01-10T11:00:23","slug":"uber-das-buch","status":"publish","type":"page","link":"http:\/\/das-handbuch.org\/de\/","title":{"rendered":"Das Buch"},"content":{"rendered":"<p><strong>Das Handbuch f\u00fcr den Neustart der Welt<\/strong><\/p>\n<p><a href=\"http:\/\/geni.us\/Handbuch\" target=\"_blank\"><img loading=\"lazy\" decoding=\"async\" class=\"alignleft wp-image-10 size-full\" src=\"http:\/\/das-handbuch.org\/de\/wp-content\/uploads\/2014\/09\/Das-Handbuch.png\" alt=\"Das Handbuch\" width=\"200\" height=\"306\" srcset=\"http:\/\/das-handbuch.org\/de\/wp-content\/uploads\/2014\/09\/Das-Handbuch.png 200w, http:\/\/das-handbuch.org\/de\/wp-content\/uploads\/2014\/09\/Das-Handbuch-196x300.png 196w\" sizes=\"auto, (max-width: 200px) 100vw, 200px\" \/><\/a>Vielleicht war es eine virale Pandemie, ein Kometen-Einschlag oder ein Atomkrieg. Was immer die Ursache gewesen sein mag \u2013 die Welt, wie wir sie kannten, existiert nicht mehr, und Sie und die anderen \u00dcberlebenden m\u00fcssen von vorne beginnen. Welches Kernwissen br\u00e4uchten Sie, um die Zivilisation von Grund auf neu aufbauen zu k\u00f6nnen?<\/p>\n<p>Auch wenn Sie erst einmal von dem, was Sie noch vorfinden, zehren k\u00f6nnen \u2013 wie schaffen Sie es am Ende, die lebensnotwendigen Dinge selbst zu produzieren? Wie bauen Sie Nahrungsmittel an? Wie erzeugen Sie Strom? Wie stellen Sie Medikamente her oder gewinnen Metall aus Felsgestein? K\u00f6nnten Sie den R\u00fcckfall in ein neues dunkles Mittelalter verhindern oder finden Sie wom\u00f6glich gar intelligente Abk\u00fcrzungen, die den Wiederaufbau beschleunigen?<\/p>\n<p>In unserer modernen Welt sind uns die technologischen Abl\u00e4ufe fremd geworden, ohne die unser Alltag nicht funktionieren w\u00fcrde. Das Gleiche gilt f\u00fcr all die reizvollen wissenschaftlichen Grundlagen, mit deren Hilfe wir viele Erkenntnisse wiedererlangen k\u00f6nnten.<\/p>\n<p><a href=\"http:\/\/geni.us\/Handbuch\" target=\"_blank\">DAS HANDBUCH F\u00dcR DEN NEUSTART DER WELT<\/a> ist eine Entdeckungsreise, ein Buch, das ihnen alles erkl\u00e4rt, was Sie wissen m\u00fcssen, wenn nichts mehr geht. Es wird Ihr Verst\u00e4ndnis der Welt ver\u00e4ndern \u2013 und Sie auf den Tag vorbereiten, an dem es diese Welt nicht mehr gibt \u2026<\/p>\n<p>&nbsp;<\/p>\n<p>Im <a href=\"http:\/\/youtu.be\/2EkxgZlGGt4\" target=\"_blank\">Deutschlandfunk<\/a> lobt Ralf Krauter das <em>Handbuch f\u00fcr den Neustart der Welt<\/em> als \u201eperfekte Lekt\u00fcre f\u00fcr \u00dcberlebensk\u00fcnstler \u2013 sowie f\u00fcr alle Fans von Was-ist-was-B\u00fcchern, \u201aYps mit Gimmick\u2018 und MacGyver\u2026 Spa\u00dffaktor: Superklasse.\u201c<\/p>\n<p><a href=\"http:\/\/www.3sat.de\/mediathek\/?mode=play&amp;obj=48242\" target=\"_blank\">3Sat TV<\/a> &#8211; Wenn fast die gesamte Menschheit und ihre Zivilisatioin untergehen, sollte man eines zur Hand haben: Lewis Dartnells &#8220;Handbuch f\u00fcr den Neustart der Welt&#8221;.<\/p>\n","protected":false},"excerpt":{"rendered":"<p>Das Handbuch f\u00fcr den Neustart der Welt Vielleicht war es eine virale Pandemie, ein Kometen-Einschlag oder ein Atomkrieg. Was immer die Ursache gewesen sein mag \u2013 die Welt, wie wir sie kannten, existiert nicht mehr, und Sie und die anderen \u00dcberlebenden m\u00fcssen von vorne beginnen. Welches Kernwissen br\u00e4uchten Sie, um die Zivilisation von Grund auf &hellip; <a href=\"http:\/\/das-handbuch.org\/de\/\" class=\"more-link\">Continue reading <span class=\"screen-reader-text\">Das Buch<\/span> <span class=\"meta-nav\">&rarr;<\/span><\/a><\/p>\n","protected":false},"author":2,"featured_media":0,"parent":0,"menu_order":0,"comment_status":"closed","ping_status":"closed","template":"","meta":{"_exactmetrics_skip_tracking":false,"_exactmetrics_sitenote_active":false,"_exactmetrics_sitenote_note":"","_exactmetrics_sitenote_category":0,"footnotes":""},"class_list":["post-6","page","type-page","status-publish","hentry"],"yoast_head":"<!-- This site is optimized with the Yoast SEO plugin v25.7 - https:\/\/yoast.com\/wordpress\/plugins\/seo\/ -->\n<title>Das Handbuch f\u00fcr den Neustart der Welt<\/title>\n<meta name=\"description\" content=\"Das Handbuch ist ein New York Times und Sunday Times Bestseller-Buch von Lewis Dartnell, etwa Neustart Zivilisation.\" \/>\n<meta name=\"robots\" content=\"index, follow, max-snippet:-1, max-image-preview:large, max-video-preview:-1\" \/>\n<link rel=\"canonical\" href=\"http:\/\/das-handbuch.org\/de\/\" \/>\n<meta property=\"og:locale\" content=\"en_GB\" \/>\n<meta property=\"og:type\" content=\"article\" \/>\n<meta property=\"og:title\" content=\"Das Handbuch f\u00fcr den Neustart der Welt\" \/>\n<meta property=\"og:description\" content=\"Das Handbuch ist ein New York Times und Sunday Times Bestseller-Buch von Lewis Dartnell, etwa Neustart Zivilisation.\" \/>\n<meta property=\"og:url\" content=\"http:\/\/das-handbuch.org\/de\/\" \/>\n<meta property=\"og:site_name\" content=\"Das Handbuch\" \/>\n<meta property=\"article:modified_time\" content=\"2015-01-10T11:00:23+00:00\" \/>\n<meta property=\"og:image\" content=\"http:\/\/das-handbuch.org\/de\/wp-content\/uploads\/2014\/09\/Das-Handbuch.png\" \/>\n\t<meta property=\"og:image:width\" content=\"200\" \/>\n\t<meta property=\"og:image:height\" content=\"306\" \/>\n\t<meta property=\"og:image:type\" content=\"image\/png\" \/>\n<meta name=\"twitter:label1\" content=\"Estimated reading time\" \/>\n\t<meta name=\"twitter:data1\" content=\"1 minute\" \/>\n<script type=\"application\/ld+json\" class=\"yoast-schema-graph\">{\"@context\":\"https:\/\/schema.org\",\"@graph\":[{\"@type\":\"WebPage\",\"@id\":\"http:\/\/das-handbuch.org\/de\/\",\"url\":\"http:\/\/das-handbuch.org\/de\/\",\"name\":\"Das Handbuch f\u00fcr den Neustart der Welt\",\"isPartOf\":{\"@id\":\"http:\/\/das-handbuch.org\/de\/#website\"},\"primaryImageOfPage\":{\"@id\":\"http:\/\/das-handbuch.org\/de\/#primaryimage\"},\"image\":{\"@id\":\"http:\/\/das-handbuch.org\/de\/#primaryimage\"},\"thumbnailUrl\":\"http:\/\/das-handbuch.org\/de\/wp-content\/uploads\/2014\/09\/Das-Handbuch.png\",\"datePublished\":\"2014-09-18T20:30:42+00:00\",\"dateModified\":\"2015-01-10T11:00:23+00:00\",\"description\":\"Das Handbuch ist ein New York Times und Sunday Times Bestseller-Buch von Lewis Dartnell, etwa Neustart Zivilisation.\",\"breadcrumb\":{\"@id\":\"http:\/\/das-handbuch.org\/de\/#breadcrumb\"},\"inLanguage\":\"en-GB\",\"potentialAction\":[{\"@type\":\"ReadAction\",\"target\":[\"http:\/\/das-handbuch.org\/de\/\"]}]},{\"@type\":\"ImageObject\",\"inLanguage\":\"en-GB\",\"@id\":\"http:\/\/das-handbuch.org\/de\/#primaryimage\",\"url\":\"http:\/\/das-handbuch.org\/de\/wp-content\/uploads\/2014\/09\/Das-Handbuch.png\",\"contentUrl\":\"http:\/\/das-handbuch.org\/de\/wp-content\/uploads\/2014\/09\/Das-Handbuch.png\",\"width\":200,\"height\":306,\"caption\":\"Das Handbuch\"},{\"@type\":\"BreadcrumbList\",\"@id\":\"http:\/\/das-handbuch.org\/de\/#breadcrumb\",\"itemListElement\":[{\"@type\":\"ListItem\",\"position\":1,\"name\":\"Home\",\"item\":\"http:\/\/das-handbuch.org\/de\/\"},{\"@type\":\"ListItem\",\"position\":2,\"name\":\"Das Buch\"}]},{\"@type\":\"WebSite\",\"@id\":\"http:\/\/das-handbuch.org\/de\/#website\",\"url\":\"http:\/\/das-handbuch.org\/de\/\",\"name\":\"Das Handbuch\",\"description\":\"\",\"potentialAction\":[{\"@type\":\"SearchAction\",\"target\":{\"@type\":\"EntryPoint\",\"urlTemplate\":\"http:\/\/das-handbuch.org\/de\/?s={search_term_string}\"},\"query-input\":{\"@type\":\"PropertyValueSpecification\",\"valueRequired\":true,\"valueName\":\"search_term_string\"}}],\"inLanguage\":\"en-GB\"}]}<\/script>\n<!-- \/ Yoast SEO plugin. -->","yoast_head_json":{"title":"Das Handbuch f\u00fcr den Neustart der Welt","description":"Das Handbuch ist ein New York Times und Sunday Times Bestseller-Buch von Lewis Dartnell, etwa Neustart Zivilisation.","robots":{"index":"index","follow":"follow","max-snippet":"max-snippet:-1","max-image-preview":"max-image-preview:large","max-video-preview":"max-video-preview:-1"},"canonical":"http:\/\/das-handbuch.org\/de\/","og_locale":"en_GB","og_type":"article","og_title":"Das Handbuch f\u00fcr den Neustart der Welt","og_description":"Das Handbuch ist ein New York Times und Sunday Times Bestseller-Buch von Lewis Dartnell, etwa Neustart Zivilisation.","og_url":"http:\/\/das-handbuch.org\/de\/","og_site_name":"Das Handbuch","article_modified_time":"2015-01-10T11:00:23+00:00","og_image":[{"width":200,"height":306,"url":"http:\/\/das-handbuch.org\/de\/wp-content\/uploads\/2014\/09\/Das-Handbuch.png","type":"image\/png"}],"twitter_misc":{"Estimated reading time":"1 minute"},"schema":{"@context":"https:\/\/schema.org","@graph":[{"@type":"WebPage","@id":"http:\/\/das-handbuch.org\/de\/","url":"http:\/\/das-handbuch.org\/de\/","name":"Das Handbuch f\u00fcr den Neustart der Welt","isPartOf":{"@id":"http:\/\/das-handbuch.org\/de\/#website"},"primaryImageOfPage":{"@id":"http:\/\/das-handbuch.org\/de\/#primaryimage"},"image":{"@id":"http:\/\/das-handbuch.org\/de\/#primaryimage"},"thumbnailUrl":"http:\/\/das-handbuch.org\/de\/wp-content\/uploads\/2014\/09\/Das-Handbuch.png","datePublished":"2014-09-18T20:30:42+00:00","dateModified":"2015-01-10T11:00:23+00:00","description":"Das Handbuch ist ein New York Times und Sunday Times Bestseller-Buch von Lewis Dartnell, etwa Neustart Zivilisation.","breadcrumb":{"@id":"http:\/\/das-handbuch.org\/de\/#breadcrumb"},"inLanguage":"en-GB","potentialAction":[{"@type":"ReadAction","target":["http:\/\/das-handbuch.org\/de\/"]}]},{"@type":"ImageObject","inLanguage":"en-GB","@id":"http:\/\/das-handbuch.org\/de\/#primaryimage","url":"http:\/\/das-handbuch.org\/de\/wp-content\/uploads\/2014\/09\/Das-Handbuch.png","contentUrl":"http:\/\/das-handbuch.org\/de\/wp-content\/uploads\/2014\/09\/Das-Handbuch.png","width":200,"height":306,"caption":"Das Handbuch"},{"@type":"BreadcrumbList","@id":"http:\/\/das-handbuch.org\/de\/#breadcrumb","itemListElement":[{"@type":"ListItem","position":1,"name":"Home","item":"http:\/\/das-handbuch.org\/de\/"},{"@type":"ListItem","position":2,"name":"Das Buch"}]},{"@type":"WebSite","@id":"http:\/\/das-handbuch.org\/de\/#website","url":"http:\/\/das-handbuch.org\/de\/","name":"Das Handbuch","description":"","potentialAction":[{"@type":"SearchAction","target":{"@type":"EntryPoint","urlTemplate":"http:\/\/das-handbuch.org\/de\/?s={search_term_string}"},"query-input":{"@type":"PropertyValueSpecification","valueRequired":true,"valueName":"search_term_string"}}],"inLanguage":"en-GB"}]}},"_links":{"self":[{"href":"http:\/\/das-handbuch.org\/de\/wp-json\/wp\/v2\/pages\/6","targetHints":{"allow":["GET"]}}],"collection":[{"href":"http:\/\/das-handbuch.org\/de\/wp-json\/wp\/v2\/pages"}],"about":[{"href":"http:\/\/das-handbuch.org\/de\/wp-json\/wp\/v2\/types\/page"}],"author":[{"embeddable":true,"href":"http:\/\/das-handbuch.org\/de\/wp-json\/wp\/v2\/users\/2"}],"replies":[{"embeddable":true,"href":"http:\/\/das-handbuch.org\/de\/wp-json\/wp\/v2\/comments?post=6"}],"version-history":[{"count":11,"href":"http:\/\/das-handbuch.org\/de\/wp-json\/wp\/v2\/pages\/6\/revisions"}],"predecessor-version":[{"id":38,"href":"http:\/\/das-handbuch.org\/de\/wp-json\/wp\/v2\/pages\/6\/revisions\/38"}],"wp:attachment":[{"href":"http:\/\/das-handbuch.org\/de\/wp-json\/wp\/v2\/media?parent=6"}],"curies":[{"name":"wp","href":"https:\/\/api.w.org\/{rel}","templated":true}]}}